{"id":10,"date":"2013-04-19T15:13:04","date_gmt":"2013-04-19T13:13:04","guid":{"rendered":"http:\/\/musculus-physio.de\/?page_id=10"},"modified":"2023-01-16T14:48:23","modified_gmt":"2023-01-16T13:48:23","slug":"leistungen","status":"publish","type":"page","link":"https:\/\/www.musculus-physio.de\/?page_id=10","title":{"rendered":"Leistungen"},"content":{"rendered":"<p><strong><span style=\"color: #333399;\">Wir wollen<\/span><\/strong><\/p>\n<ul>\n<li><a href=\"https:\/\/www.musculus-physio.de\/wp-content\/uploads\/2013\/04\/C_Reha_03.jpg\"><img loading=\"lazy\" decoding=\"async\" class=\" wp-image-265 alignright\" alt=\"C_Reha_03\" src=\"https:\/\/www.musculus-physio.de\/wp-content\/uploads\/2013\/04\/C_Reha_03-682x1024.jpg\" width=\"230\" height=\"346\" srcset=\"https:\/\/www.musculus-physio.de\/wp-content\/uploads\/2013\/04\/C_Reha_03-682x1024.jpg 682w, https:\/\/www.musculus-physio.de\/wp-content\/uploads\/2013\/04\/C_Reha_03-133x200.jpg 133w, https:\/\/www.musculus-physio.de\/wp-content\/uploads\/2013\/04\/C_Reha_03-199x300.jpg 199w, https:\/\/www.musculus-physio.de\/wp-content\/uploads\/2013\/04\/C_Reha_03.jpg 800w\" sizes=\"auto, (max-width: 230px) 100vw, 230px\" \/><\/a>den Genesungsprozess f\u00fcr und mit den Patienten beschleunigen.<\/li>\n<li>die Effektivit\u00e4t der Heilmittelverordnungen steigern und so die Kosten im Gesundheitssystem reduzieren.<\/li>\n<li>die vertrauensvolle Kooperation zwischen dem verordnenden Arzt, dem Patienten und dem Therapeuten optimieren.<\/li>\n<\/ul>\n<p><strong><span style=\"color: #333399;\"> Unser \u00fcbergreifendes Therapiekonzept basiert auf 4 S\u00e4ulen:<\/span><\/strong><\/p>\n<ol>\n<li>Krankengymnastische Therapiekonzepte auf neurophysiologischer Basis<\/li>\n<li>Massagen und Lymphdrainagen mit unterst\u00fctzenden Thermotherapiem\u00f6glichkeiten<\/li>\n<li>Elektrotherapien und Extensionen mit unterst\u00fctzenden Thermotherapiem\u00f6glichkeiten<\/li>\n<li>Ger\u00e4te-Krankengymnastik<\/li>\n<\/ol>\n<p>Mehr \u00fcber unser 4 S\u00e4ulen Modell erfahren Sie <a title=\"4 S\u00e4ulen\" href=\"https:\/\/www.musculus-physio.de\/?page_id=52\">hier<\/a>.<\/p>\n<p><span style=\"color: #333399;\"><strong>Wir sind ihr kompetenter Partner f\u00fcr<\/strong><\/span><\/p>\n<ul>\n<li>orthop\u00e4dische &#8211; neurologische &#8211; gyn\u00e4kologische &#8211; urologische &#8211; bronchiale Probleme<\/li>\n<li>D1-Heilmittelkombinationsm\u00f6glichkeiten<img loading=\"lazy\" decoding=\"async\" class=\"wp-image-266 alignright\" style=\"background-color: #ffffff;\" alt=\"E_Treppenaufgang_01\" src=\"https:\/\/www.musculus-physio.de\/wp-content\/uploads\/2013\/04\/E_Treppenaufgang_01-682x1024.jpg\" width=\"230\" height=\"346\" srcset=\"https:\/\/www.musculus-physio.de\/wp-content\/uploads\/2013\/04\/E_Treppenaufgang_01-682x1024.jpg 682w, https:\/\/www.musculus-physio.de\/wp-content\/uploads\/2013\/04\/E_Treppenaufgang_01-133x200.jpg 133w, https:\/\/www.musculus-physio.de\/wp-content\/uploads\/2013\/04\/E_Treppenaufgang_01-199x300.jpg 199w, https:\/\/www.musculus-physio.de\/wp-content\/uploads\/2013\/04\/E_Treppenaufgang_01.jpg 800w\" sizes=\"auto, (max-width: 230px) 100vw, 230px\" \/><\/li>\n<\/ul>\n<p>In akuten F\u00e4llen oder nach Operationen sind auch Hausbesuche m\u00f6glich.<\/p>\n<p><span style=\"color: #333399;\"><strong>Pr\u00e4ventionsleistungen<\/strong><\/span><\/p>\n<p>Durch physiotherapeutische Behandlungen k\u00f6nnen wir Sie und Ihre Gesundheit positiv unterst\u00fctzen.<\/p>\n<p style=\"padding-left: 30px;\"><span style=\"color: #333399;\"><em>Unser Konzept umfasst folgende M\u00f6glichkeiten:<\/em><\/span><\/p>\n<ul style=\"padding-left: 60px;\">\n<li style=\"padding-left: 60px;\">Erstellung eines physiotherapeutischen Befundes<\/li>\n<li style=\"padding-left: 60px;\">Erarbeiten eines individuellen Therapieplans aus verschiedenen aktiven und passiven Komponenten<\/li>\n<li style=\"padding-left: 60px;\">Krankengymnastische \u00dcbungen zum Eigentraining (selbst)<\/li>\n<li style=\"padding-left: 60px;\">Tipps f\u00fcr ihre t\u00e4glichen Aktivit\u00e4ten \/ Anforderungen<\/li>\n<li style=\"padding-left: 60px;\">Arbeitsplatzberatung<\/li>\n<li style=\"padding-left: 60px;\"><img loading=\"lazy\" decoding=\"async\" class=\"wp-image-267 alignright\" alt=\"C_Reha_04\" src=\"https:\/\/www.musculus-physio.de\/wp-content\/uploads\/2013\/04\/C_Reha_041-768x1024.jpg\" width=\"230\" height=\"307\" srcset=\"https:\/\/www.musculus-physio.de\/wp-content\/uploads\/2013\/04\/C_Reha_041-768x1024.jpg 768w, https:\/\/www.musculus-physio.de\/wp-content\/uploads\/2013\/04\/C_Reha_041-150x200.jpg 150w, https:\/\/www.musculus-physio.de\/wp-content\/uploads\/2013\/04\/C_Reha_041-225x300.jpg 225w, https:\/\/www.musculus-physio.de\/wp-content\/uploads\/2013\/04\/C_Reha_041.jpg 800w\" sizes=\"auto, (max-width: 230px) 100vw, 230px\" \/>medizinische&nbsp;Wohlf\u00fchl-Massagen<\/li>\n<li style=\"padding-left: 60px;\">Lymphdrainagen zur Entspannung und Entlastung<\/li>\n<li style=\"padding-left: 60px;\">Hinf\u00fchrung zum Ger\u00e4tetraining<\/li>\n<\/ul>\n<p>&nbsp;<\/p>\n<p style=\"padding-left: 30px;\"><span style=\"color: #333399;\"><em>Zielkontrolle<\/em><\/span><\/p>\n<ul style=\"padding-left: 60px;\">\n<li style=\"padding-left: 60px;\">zur Erfassung der Teilerfolge<\/li>\n<li style=\"padding-left: 60px;\">und zus\u00e4tzliche Motivation, das Endziel zu erreichen<\/li>\n<\/ul>\n<p style=\"padding-left: 60px;\" align=\"left\">\n","protected":false},"excerpt":{"rendered":"<p>Wir wollen den Genesungsprozess f\u00fcr und mit den Patienten beschleunigen. die Effektivit\u00e4t der Heilmittelverordnungen steigern und so die Kosten im Gesundheitssystem reduzieren. die vertrauensvolle Kooperation zwischen dem verordnenden Arzt, dem Patienten und dem Therapeuten optimieren. Unser \u00fcbergreifendes Therapiekonzept basiert auf <a class=\"more-link\" href=\"https:\/\/www.musculus-physio.de\/?page_id=10\">Weiterlesen\u00a0\u2026<\/a><\/p>\n","protected":false},"author":1,"featured_media":1109,"parent":0,"menu_order":0,"comment_status":"closed","ping_status":"closed","template":"","meta":{"footnotes":""},"class_list":["post-10","page","type-page","status-publish","has-post-thumbnail","hentry"],"_links":{"self":[{"href":"https:\/\/www.musculus-physio.de\/index.php?rest_route=\/wp\/v2\/pages\/10","targetHints":{"allow":["GET"]}}],"collection":[{"href":"https:\/\/www.musculus-physio.de\/index.php?rest_route=\/wp\/v2\/pages"}],"about":[{"href":"https:\/\/www.musculus-physio.de\/index.php?rest_route=\/wp\/v2\/types\/page"}],"author":[{"embeddable":true,"href":"https:\/\/www.musculus-physio.de\/index.php?rest_route=\/wp\/v2\/users\/1"}],"replies":[{"embeddable":true,"href":"https:\/\/www.musculus-physio.de\/index.php?rest_route=%2Fwp%2Fv2%2Fcomments&post=10"}],"version-history":[{"count":0,"href":"https:\/\/www.musculus-physio.de\/index.php?rest_route=\/wp\/v2\/pages\/10\/revisions"}],"wp:featuredmedia":[{"embeddable":true,"href":"https:\/\/www.musculus-physio.de\/index.php?rest_route=\/wp\/v2\/media\/1109"}],"wp:attachment":[{"href":"https:\/\/www.musculus-physio.de\/index.php?rest_route=%2Fwp%2Fv2%2Fmedia&parent=10"}],"curies":[{"name":"wp","href":"https:\/\/api.w.org\/{rel}","templated":true}]}}