{"id":14,"date":"2013-07-15T15:13:58","date_gmt":"2013-07-15T13:13:58","guid":{"rendered":"http:\/\/musculus-physio.de\/?page_id=14"},"modified":"2026-02-17T22:15:54","modified_gmt":"2026-02-17T21:15:54","slug":"kontakt-impressum","status":"publish","type":"page","link":"https:\/\/www.musculus-physio.de\/?page_id=14","title":{"rendered":"Kontakt \/ Impressum"},"content":{"rendered":"<p><img loading=\"lazy\" decoding=\"async\" class=\"size-full wp-image-43 alignnone\" src=\"https:\/\/www.musculus-physio.de\/wp-content\/uploads\/2013\/04\/musculus_150_trade.jpg\" alt=\"musculus_150_trade\" width=\"150\" height=\"33\" \/><\/p>\n<p><b>musculus Physiotherapiezentrum<\/b><\/p>\n<p><b>Inh. Physiotherapeutin Birgit Klenke<\/b><\/p>\n<p>Kieler Strasse 719<\/p>\n<p>22527 Hamburg<\/p>\n<p>Telefon +49 40 57128480<\/p>\n<p>Telefax +49 40 57128481<\/p>\n<p>Steuernummer: 54\/471\/15281<\/p>\n<p><a href=\"mailto:kontakt@musculus-physiotherapiezentrum.de\">kontakt@musculus-physiotherapiezentrum.de<\/a><\/p>\n<p><span style=\"color: #ff0000;\"><b><i>(Diese Mailadresse dient nicht zu Terminvereinbarungen, Termin\u00e4nderungen oder Terminabsagen)<\/i><\/b><\/span><\/p>\n<p>Die Berufszulassungsurkunde von Frau Brigit Klenke als Physiotherapeutin wurde ausgestellt am 14.04.1998 durch das Gesundheitsamt M\u00fcnster in der Bundesrepublik Deutschland.<\/p>\n<p>Zust\u00e4ndige Aufsichtsbeh\u00f6rde:<span class=\"Apple-converted-space\"><br \/><\/span>Bezirksamt Eimsb\u00fcttel<br \/>Fachamt Gesundheit<br \/>Grindelberg 62-66<br \/>20144 Hamburg<br \/>Tel.: +49 40 42801-0<br \/>Fax: +49 40 42801-1982<\/p>\n<p><b>Berufsrechtliche Regelungen: <\/b><a href=\"https:\/\/www.gesetze-im-internet.de\/mphg\/BJNR108400994.html\"><span class=\"jnlangue\">Gesetz \u00fcber die Berufe in der Physiotherapie<\/span> <span class=\"jnkurzueamtabk\">(Masseur- und Physiotherapeutengesetz &#8211; MPhG)<\/span><\/a><\/p>\n<p>Mitglied im Bundesverband selbst\u00e4ndiger Physiotherapeuten &#8211; IFK e.V <a href=\"http:\/\/ifk.de\">(weiterf\u00fchrende Informationen)<\/a><\/p>\n<p>Mitglied im \u00c4rztenetz Hamburg <a href=\"http:\/\/www.aerztenetz-hamburg.de\/\">www.aerztenetz-hamburg.de<\/a><\/p>\n<p><b>Streitschlichtung<\/b><\/p>\n<p>Wir sind nicht bereit oder verpflichtet, an Streitbeilegungsverfahren vor einer Verbraucherschlichtungsstelle teilzunehmen.<\/p>\n<p><b>Haftung f\u00fcr Links<br \/><\/b>Unser Angebot enth\u00e4lt Links zu externen Websites Dritter, auf deren Inhalte wir keinen Einfluss haben. Deshalb k\u00f6nnen wir f\u00fcr diese fremden Inhalte auch keine Gew\u00e4hr \u00fcbernehmen. F\u00fcr die Inhalte der verlinkten Seiten ist stets der jeweilige Anbieter oder Betreiber der Seiten verantwortlich. Die verlinkten Seiten wurden zum Zeitpunkt der Verlinkung auf m\u00f6gliche Rechtsverst\u00f6\u00dfe \u00fcberpr\u00fcft. Rechtswidrige Inhalte waren zum Zeitpunkt der Verlinkung nicht erkennbar.<\/p>\n<p>Eine permanente inhaltliche Kontrolle der verlinkten Seiten ist jedoch ohne konkrete Anhaltspunkte einer Rechtsverletzung nicht zumutbar. Bei Bekanntwerden von Rechtsverletzungen werden wir derartige Links umgehend entfernen.<\/p>\n<p><b>Urheberrecht<br \/><\/b>Die durch die Seitenbetreiber erstellten Inhalte und Werke auf diesen Seiten unterliegen dem deutschen Urheberrecht. Die Vervielf\u00e4ltigung, Bearbeitung, Verbreitung und jede Art der Verwertung au\u00dferhalb der Grenzen des Urheberrechtes bed\u00fcrfen der schriftlichen Zustimmung des jeweiligen Autors bzw. Erstellers. Downloads und Kopien dieser Seite sind nur f\u00fcr den privaten, nicht kommerziellen Gebrauch gestattet.<\/p>\n<p>Soweit die Inhalte auf dieser Seite nicht vom Betreiber erstellt wurden, werden die Urheberrechte Dritter beachtet. Insbesondere werden Inhalte Dritter als solche gekennzeichnet. Sollten Sie trotzdem auf eine Urheberrechtsverletzung aufmerksam werden, bitten wir um einen entsprechenden Hinweis. Bei Bekanntwerden von Rechtsverletzungen werden wir derartige Inhalte umgehend entfernen.<\/p>\n<p>Partner f\u00fcr unsere Ger\u00e4te: <a href=\"https:\/\/zeptoring.de\" target=\"_blank\" rel=\"noopener\">srt zeptoring<\/a><\/p>\n<p>Fotos: <a href=\"http:\/\/www.fotografie-masbaum.de\/\">www.fotografie-masbaum.de<\/a>\u00a0und Manfred Klenke<\/p>\n<p>Diese Seiten wurden erstellt von:\u00a0Thomas Liebhoff<\/p>\n\n\n<p><\/p>\n","protected":false},"excerpt":{"rendered":"<p>musculus Physiotherapiezentrum Inh. Physiotherapeutin Birgit Klenke Kieler Strasse 719 22527 Hamburg Telefon +49 40 57128480 Telefax +49 40 57128481 Steuernummer: 54\/471\/15281 kontakt@musculus-physiotherapiezentrum.de (Diese Mailadresse dient nicht zu Terminvereinbarungen, Termin\u00e4nderungen oder Terminabsagen) Die Berufszulassungsurkunde von Frau Brigit Klenke als Physiotherapeutin wurde <a class=\"more-link\" href=\"https:\/\/www.musculus-physio.de\/?page_id=14\">Weiterlesen\u00a0\u2026<\/a><\/p>\n","protected":false},"author":1,"featured_media":0,"parent":0,"menu_order":0,"comment_status":"closed","ping_status":"closed","template":"","meta":{"footnotes":""},"class_list":["post-14","page","type-page","status-publish","hentry"],"_links":{"self":[{"href":"https:\/\/www.musculus-physio.de\/index.php?rest_route=\/wp\/v2\/pages\/14","targetHints":{"allow":["GET"]}}],"collection":[{"href":"https:\/\/www.musculus-physio.de\/index.php?rest_route=\/wp\/v2\/pages"}],"about":[{"href":"https:\/\/www.musculus-physio.de\/index.php?rest_route=\/wp\/v2\/types\/page"}],"author":[{"embeddable":true,"href":"https:\/\/www.musculus-physio.de\/index.php?rest_route=\/wp\/v2\/users\/1"}],"replies":[{"embeddable":true,"href":"https:\/\/www.musculus-physio.de\/index.php?rest_route=%2Fwp%2Fv2%2Fcomments&post=14"}],"version-history":[{"count":6,"href":"https:\/\/www.musculus-physio.de\/index.php?rest_route=\/wp\/v2\/pages\/14\/revisions"}],"predecessor-version":[{"id":1419,"href":"https:\/\/www.musculus-physio.de\/index.php?rest_route=\/wp\/v2\/pages\/14\/revisions\/1419"}],"wp:attachment":[{"href":"https:\/\/www.musculus-physio.de\/index.php?rest_route=%2Fwp%2Fv2%2Fmedia&parent=14"}],"curies":[{"name":"wp","href":"https:\/\/api.w.org\/{rel}","templated":true}]}}