{"id":334,"date":"2013-10-27T10:39:06","date_gmt":"2013-10-27T08:39:06","guid":{"rendered":"http:\/\/www.musculus-physio.de\/?page_id=334"},"modified":"2013-12-07T18:00:03","modified_gmt":"2013-12-07T16:00:03","slug":"unser-qualitaetsanspruch","status":"publish","type":"page","link":"https:\/\/www.musculus-physio.de\/?page_id=334","title":{"rendered":"Unser Qualit\u00e4tsanspruch"},"content":{"rendered":"<h3>Die z\u00fcgige Genesung\u00a0unserer Patienten ist uns wichtig.<\/h3>\n<h3>Deshalb<\/h3>\n<ul>\n<ul>\n<li>wenden wir modernst<span style=\"color: #000000;\">e <a title=\"4 S\u00e4ulen\" href=\"https:\/\/www.musculus-physio.de\/?page_id=52\"><span style=\"color: #000000;\">Therapiemethoden<\/span><\/a> an &#8211; angepasst auf Ihre Bed\u00fcrfnisse<\/span><\/li>\n<li><span style=\"color: #000000;\">bilden wir uns regelm\u00e4\u00dfig intern und extern weiter &#8211; um Ihnen eine optimale Behandlung zu erm\u00f6glichen<\/span><\/li>\n<li>unterst\u00fctzt unser fachlich ausgebildetes<span style=\"color: #000000;\"> und qualifiziertes\u00a0<a title=\"Rezeptionsteam\" href=\"https:\/\/www.musculus-physio.de\/?page_id=257\"><span style=\"color: #000000;\">Rezeptionsteam<\/span><\/a>\u00a0unsere\u00a0<a title=\"Physiotherapeuten\" href=\"https:\/\/www.musculus-physio.de\/?page_id=247\"><span style=\"color: #000000;\">Therapeuten<\/span><\/a>\u00a0&#8211; damit Sie rundum in guten H\u00e4nden sind<\/span><\/li>\n<\/ul>\n<\/ul>\n<p>&nbsp;<\/p>\n","protected":false},"excerpt":{"rendered":"<p>Die z\u00fcgige Genesung\u00a0unserer Patienten ist uns wichtig. Deshalb wenden wir modernste Therapiemethoden an &#8211; angepasst auf Ihre Bed\u00fcrfnisse bilden wir uns regelm\u00e4\u00dfig intern und extern weiter &#8211; um Ihnen eine optimale Behandlung zu erm\u00f6glichen unterst\u00fctzt unser fachlich ausgebildetes und qualifiziertes\u00a0Rezeptionsteam\u00a0unsere\u00a0Therapeuten\u00a0&#8211; <a class=\"more-link\" href=\"https:\/\/www.musculus-physio.de\/?page_id=334\">Weiterlesen\u00a0\u2026<\/a><\/p>\n","protected":false},"author":2,"featured_media":0,"parent":0,"menu_order":0,"comment_status":"closed","ping_status":"closed","template":"","meta":{"footnotes":""},"class_list":["post-334","page","type-page","status-publish","hentry"],"_links":{"self":[{"href":"https:\/\/www.musculus-physio.de\/index.php?rest_route=\/wp\/v2\/pages\/334","targetHints":{"allow":["GET"]}}],"collection":[{"href":"https:\/\/www.musculus-physio.de\/index.php?rest_route=\/wp\/v2\/pages"}],"about":[{"href":"https:\/\/www.musculus-physio.de\/index.php?rest_route=\/wp\/v2\/types\/page"}],"author":[{"embeddable":true,"href":"https:\/\/www.musculus-physio.de\/index.php?rest_route=\/wp\/v2\/users\/2"}],"replies":[{"embeddable":true,"href":"https:\/\/www.musculus-physio.de\/index.php?rest_route=%2Fwp%2Fv2%2Fcomments&post=334"}],"version-history":[{"count":0,"href":"https:\/\/www.musculus-physio.de\/index.php?rest_route=\/wp\/v2\/pages\/334\/revisions"}],"wp:attachment":[{"href":"https:\/\/www.musculus-physio.de\/index.php?rest_route=%2Fwp%2Fv2%2Fmedia&parent=334"}],"curies":[{"name":"wp","href":"https:\/\/api.w.org\/{rel}","templated":true}]}}