{"id":52,"date":"2013-04-22T12:00:12","date_gmt":"2013-04-22T10:00:12","guid":{"rendered":"http:\/\/www.musculus-physio.de\/?page_id=52"},"modified":"2023-01-17T11:57:11","modified_gmt":"2023-01-17T10:57:11","slug":"4-saulen","status":"publish","type":"page","link":"https:\/\/www.musculus-physio.de\/?page_id=52","title":{"rendered":"4 S\u00e4ulen"},"content":{"rendered":"<h2 style=\"text-align: left;\"><span style=\"color: #333399;\"><strong>S\u00e4ule 1<\/strong><\/span><\/h2>\n<p style=\"text-align: left;\"><strong>Krankengymnastische Therapiekonzepte<\/strong><\/p>\n<ul>\n<li style=\"list-style-type: none;\">\n<ul>\n<li>Krankengymnastik auf neurophysiologischer Basis<\/li>\n<li>Manuelle Therapie<\/li>\n<li>Cyriax<\/li>\n<li>Br\u00fcgger<\/li>\n<li>PNF propriozeptive neuromuskul\u00e4re Fazilitation<\/li>\n<li>CMD<\/li>\n<li>R\u00fcckenschule<\/li>\n<li>Brunkow<\/li>\n<li>Atemtherapie<\/li>\n<li>Mobilisation des Nervensystems<\/li>\n<\/ul>\n<\/li>\n<\/ul>\n<hr \/>\n<h2 style=\"text-align: left;\"><span style=\"color: #333399;\"><strong>S\u00e4ule 2<\/strong><\/span><\/h2>\n<p><strong>Massagen<\/strong><\/p>\n<ul>\n<li style=\"list-style-type: none;\">\n<ul>\n<li>Klassische Massagen<\/li>\n<li>Funktionelle Massagen<\/li>\n<li>Fu\u00dfreflexzonenmassagen<\/li>\n<li>St\u00e4bchenmassagen<\/li>\n<li>Manuelle Lymphdrainagen<\/li>\n<li>\u00d6demtherapie<\/li>\n<li>Kompressionen<\/li>\n<\/ul>\n<\/li>\n<\/ul>\n<hr \/>\n<h2 style=\"text-align: left;\"><span style=\"color: #333399;\"><strong>S\u00e4ule 3<\/strong><\/span><\/h2>\n<p><strong>Elektrotherapien zur Schmerzlinderung,<\/strong><strong>Stoffwechselverbesserung<\/strong><br \/>\n<strong> und Muskelstimulation, Galvanische Str\u00f6me \/ Niederfrequenz<\/strong><\/p>\n<ul>\n<li style=\"list-style-type: none;\">\n<ul>\n<li>Sinusstr\u00f6me\/ Mittelfrequenz<\/li>\n<li>Mikrowelle \/ Hochfrequenz<\/li>\n<li>Ultraschall<\/li>\n<li>Elektrogymnastik<\/li>\n<\/ul>\n<\/li>\n<\/ul>\n<p><strong>Extensionsbehandlungen zur sanften Druckentlastung f\u00fcr<\/strong><\/p>\n<ul>\n<li style=\"list-style-type: none;\">\n<ul>\n<li>Lenden-, Hals- und Brustwirbels\u00e4ule<\/li>\n<li>H\u00fcft- und Kniegelenke<\/li>\n<\/ul>\n<\/li>\n<\/ul>\n<p><strong>Thermotherapien<\/strong><\/p>\n<ul>\n<li style=\"list-style-type: none;\">\n<ul>\n<li>Hei\u00dfluftbehandlungen<\/li>\n<li>W\u00e4rmekissen<\/li>\n<li>Naturmoor-Einwegpackungen (Fango)<\/li>\n<li>Heisse Rolle<\/li>\n<li>K\u00e4ltepackungen<\/li>\n<\/ul>\n<\/li>\n<\/ul>\n<hr \/>\n<h2 style=\"text-align: left;\"><span style=\"color: #333399;\"><strong>S\u00e4ule 4<\/strong><\/span><\/h2>\n<p><strong>Ger\u00e4te-Krankengymnastik zur Kr\u00e4ftigung und Stabilisierung der st\u00fctzenden Muskulatur sowie Ausdauersteigerung und verbesserte Aufrichtung der Wirbels\u00e4ule<\/strong><\/p>\n<p>Die Krankengymnastik am Ger\u00e4t ist ein wichtiges Element in der Rehabilitation nach Operationen, Knochenbr\u00fcchen oder Gelenk- und Sehnenverletzungen, bei Osteoporose oder chronischen Schmerzpatienten. Sie kann aber auch in der Pr\u00e4vention von Verschlei\u00df- und R\u00fcckenerkrankungen eingesetzt werden, sowie f\u00fcr Sprung- und Schnellkraft\u00fcbungen f\u00fcr Sportler.<\/p>\n<p>Je nach Krankheitsbild wird zu Beginn der Therapie ein individueller Behandlungsplan erstellt. Im Fokus steht dabei die Erarbeitung funktioneller und automatisierter Bewegungsmuster. Von besonderer Bedeutung ist die systematische Wiederholung bestimmter Muskelanspannungen mit dem Ziel der Steigerung Ihrer Leistung und alltagsspezifischen Belastungstoleranz durch Verbesserung der Kraft, Ausdauer und Agilit\u00e4t.<\/p>\n<ul>\n<li style=\"list-style-type: none;\">\n<ul>\n<li>SRT-Vibrationstraining<\/li>\n<li>Beinpresse<\/li>\n<li>Zug-Apparate<\/li>\n<li>Posturomed<\/li>\n<li>Propriomed<\/li>\n<li>Kleinger\u00e4te zur Gleichgewichtsverbesserung<\/li>\n<li>Therab\u00e4nder<\/li>\n<li>Pezzib\u00e4lle<\/li>\n<li>Minitrampolin<\/li>\n<\/ul>\n<\/li>\n<\/ul>\n","protected":false},"excerpt":{"rendered":"<p>S\u00e4ule 1 Krankengymnastische Therapiekonzepte Krankengymnastik auf neurophysiologischer Basis Manuelle Therapie Cyriax Br\u00fcgger PNF propriozeptive neuromuskul\u00e4re Fazilitation CMD R\u00fcckenschule Brunkow Atemtherapie Mobilisation des Nervensystems S\u00e4ule 2 Massagen Klassische Massagen Funktionelle Massagen Fu\u00dfreflexzonenmassagen St\u00e4bchenmassagen Manuelle Lymphdrainagen \u00d6demtherapie Kompressionen S\u00e4ule 3 Elektrotherapien zur <a class=\"more-link\" href=\"https:\/\/www.musculus-physio.de\/?page_id=52\">Weiterlesen\u00a0\u2026<\/a><\/p>\n","protected":false},"author":1,"featured_media":0,"parent":0,"menu_order":0,"comment_status":"closed","ping_status":"closed","template":"","meta":{"footnotes":""},"class_list":["post-52","page","type-page","status-publish","hentry"],"_links":{"self":[{"href":"https:\/\/www.musculus-physio.de\/index.php?rest_route=\/wp\/v2\/pages\/52","targetHints":{"allow":["GET"]}}],"collection":[{"href":"https:\/\/www.musculus-physio.de\/index.php?rest_route=\/wp\/v2\/pages"}],"about":[{"href":"https:\/\/www.musculus-physio.de\/index.php?rest_route=\/wp\/v2\/types\/page"}],"author":[{"embeddable":true,"href":"https:\/\/www.musculus-physio.de\/index.php?rest_route=\/wp\/v2\/users\/1"}],"replies":[{"embeddable":true,"href":"https:\/\/www.musculus-physio.de\/index.php?rest_route=%2Fwp%2Fv2%2Fcomments&post=52"}],"version-history":[{"count":1,"href":"https:\/\/www.musculus-physio.de\/index.php?rest_route=\/wp\/v2\/pages\/52\/revisions"}],"predecessor-version":[{"id":1154,"href":"https:\/\/www.musculus-physio.de\/index.php?rest_route=\/wp\/v2\/pages\/52\/revisions\/1154"}],"wp:attachment":[{"href":"https:\/\/www.musculus-physio.de\/index.php?rest_route=%2Fwp%2Fv2%2Fmedia&parent=52"}],"curies":[{"name":"wp","href":"https:\/\/api.w.org\/{rel}","templated":true}]}}