{"id":6,"date":"2013-04-19T15:12:11","date_gmt":"2013-04-19T13:12:11","guid":{"rendered":"http:\/\/musculus-physio.de\/?page_id=6"},"modified":"2026-02-02T19:54:56","modified_gmt":"2026-02-02T18:54:56","slug":"unsere-praxis","status":"publish","type":"page","link":"https:\/\/www.musculus-physio.de\/?page_id=6","title":{"rendered":"Praxis"},"content":{"rendered":"<div class=\"wp-block-image\">\n<figure class=\"alignright size-full\"><img loading=\"lazy\" decoding=\"async\" width=\"800\" height=\"799\" src=\"https:\/\/www.musculus-physio.de\/wp-content\/uploads\/2025\/10\/2025-10-E_Treppenaufgang_02.jpg\" alt=\"\" class=\"wp-image-1291\" srcset=\"https:\/\/www.musculus-physio.de\/wp-content\/uploads\/2025\/10\/2025-10-E_Treppenaufgang_02.jpg 800w, https:\/\/www.musculus-physio.de\/wp-content\/uploads\/2025\/10\/2025-10-E_Treppenaufgang_02-300x300.jpg 300w, https:\/\/www.musculus-physio.de\/wp-content\/uploads\/2025\/10\/2025-10-E_Treppenaufgang_02-200x200.jpg 200w, https:\/\/www.musculus-physio.de\/wp-content\/uploads\/2025\/10\/2025-10-E_Treppenaufgang_02-768x767.jpg 768w\" sizes=\"auto, (max-width: 800px) 100vw, 800px\" \/><\/figure>\n<\/div>\n\n\n<p><\/p>\n\n\n\n<p><span style=\"color: #000000;\">Sie finden uns im&nbsp;<a href=\"http:\/\/www.eidelstedtcenter.de\/\" target=\"_blank\" rel=\"noopener\"><span style=\"color: #000000;\">Eidelstedter Einkaufszentrum<\/span><\/a>&nbsp;(Nebeneingang Kieler Str. 719).<\/span><\/p>\n\n\n\n<p><span style=\"color: #000000;\">Informationen zu unseren <a title=\"Leistungen\" href=\"https:\/\/www.musculus-physio.de\/?page_id=10\"><span style=\"color: #000000;\">Leistungen<\/span><\/a>, dem <a title=\"Unser Team\" href=\"https:\/\/www.musculus-physio.de\/?page_id=8\"><span style=\"color: #000000;\">Praxisteam&nbsp;<\/span><\/a>und wie Sie uns <a title=\"Anfahrt\" href=\"https:\/\/www.musculus-physio.de\/?page_id=12\"><span style=\"color: #000000;\">erreichen<\/span><\/a>, erhalten Sie auf den weiteren Seiten.<\/span><\/p>\n\n\n<div class=\"wp-block-image\">\n<figure class=\"alignleft\"><img loading=\"lazy\" decoding=\"async\" width=\"150\" height=\"150\" src=\"https:\/\/www.musculus-physio.de\/wp-content\/uploads\/2013\/04\/anetz-150x150.jpg\" alt=\"anetz\" class=\"wp-image-97\"\/><\/figure>\n<\/div>\n\n\n<p><span style=\"color: #000000;\"><a title=\"\u00c4rztenetz Hamburg\" href=\"http:\/\/www.aerztenetz-hamburg.de\/\" target=\"_blank\" rel=\"noopener\"><span style=\"color: #000000;\"><\/span><\/a>Als Mitglied im <a href=\"http:\/\/www.aerztenetz-hamburg.de\" target=\"_blank\" rel=\"noopener\"><span style=\"color: #000000;\">\u00c4rztenetz Hamburg<\/span><\/a>&nbsp;sind wir in der Lage, durch&nbsp;intensive Zusammenarbeit mit den niedergelassenen \u00c4rzten und Krankenh\u00e4usern eine optimale Betreuung f\u00fcr Sie zu erm\u00f6glichen.<\/span><\/p>\n\n\n\n<p>&nbsp;<\/p>\n\n\n\n<p>&nbsp;<\/p>\n\n\n\n<p>&nbsp;<\/p>\n\n\n\n<p>&nbsp;<\/p>\n\n\n\n<p>&nbsp;<\/p>\n\n\n<div class=\"wp-block-image\">\n<figure class=\"alignright size-large\"><img loading=\"lazy\" decoding=\"async\" width=\"768\" height=\"1024\" src=\"https:\/\/www.musculus-physio.de\/wp-content\/uploads\/2025\/10\/2025-10-Rezeption-768x1024.jpeg\" alt=\"\" class=\"wp-image-1301\" srcset=\"https:\/\/www.musculus-physio.de\/wp-content\/uploads\/2025\/10\/2025-10-Rezeption-768x1024.jpeg 768w, https:\/\/www.musculus-physio.de\/wp-content\/uploads\/2025\/10\/2025-10-Rezeption-225x300.jpeg 225w, https:\/\/www.musculus-physio.de\/wp-content\/uploads\/2025\/10\/2025-10-Rezeption-150x200.jpeg 150w, https:\/\/www.musculus-physio.de\/wp-content\/uploads\/2025\/10\/2025-10-Rezeption-1152x1536.jpeg 1152w, https:\/\/www.musculus-physio.de\/wp-content\/uploads\/2025\/10\/2025-10-Rezeption-1536x2048.jpeg 1536w, https:\/\/www.musculus-physio.de\/wp-content\/uploads\/2025\/10\/2025-10-Rezeption-scaled.jpeg 1920w\" sizes=\"auto, (max-width: 768px) 100vw, 768px\" \/><\/figure>\n<\/div>\n\n\n<p><\/p>\n\n\n\n<p>Einen Eindruck von unserer Pr<span style=\"color: #000000;\">axis erhalten Sie &nbsp;in unserer&nbsp;<a title=\"Galerie\" href=\"https:\/\/www.musculus-physio.de\/?page_id=104\"><span style=\"color: #000000;\">Galerie<\/span><\/a>.<\/span><\/p>\n","protected":false},"excerpt":{"rendered":"<p>Sie finden uns im&nbsp;Eidelstedter Einkaufszentrum&nbsp;(Nebeneingang Kieler Str. 719). Informationen zu unseren Leistungen, dem Praxisteam&nbsp;und wie Sie uns erreichen, erhalten Sie auf den weiteren Seiten. Als Mitglied im \u00c4rztenetz Hamburg&nbsp;sind wir in der Lage, durch&nbsp;intensive Zusammenarbeit mit den niedergelassenen \u00c4rzten und <a class=\"more-link\" href=\"https:\/\/www.musculus-physio.de\/?page_id=6\">Weiterlesen\u00a0\u2026<\/a><\/p>\n","protected":false},"author":1,"featured_media":1415,"parent":0,"menu_order":0,"comment_status":"closed","ping_status":"closed","template":"","meta":{"footnotes":""},"class_list":["post-6","page","type-page","status-publish","has-post-thumbnail","hentry"],"_links":{"self":[{"href":"https:\/\/www.musculus-physio.de\/index.php?rest_route=\/wp\/v2\/pages\/6","targetHints":{"allow":["GET"]}}],"collection":[{"href":"https:\/\/www.musculus-physio.de\/index.php?rest_route=\/wp\/v2\/pages"}],"about":[{"href":"https:\/\/www.musculus-physio.de\/index.php?rest_route=\/wp\/v2\/types\/page"}],"author":[{"embeddable":true,"href":"https:\/\/www.musculus-physio.de\/index.php?rest_route=\/wp\/v2\/users\/1"}],"replies":[{"embeddable":true,"href":"https:\/\/www.musculus-physio.de\/index.php?rest_route=%2Fwp%2Fv2%2Fcomments&post=6"}],"version-history":[{"count":1,"href":"https:\/\/www.musculus-physio.de\/index.php?rest_route=\/wp\/v2\/pages\/6\/revisions"}],"predecessor-version":[{"id":1413,"href":"https:\/\/www.musculus-physio.de\/index.php?rest_route=\/wp\/v2\/pages\/6\/revisions\/1413"}],"wp:featuredmedia":[{"embeddable":true,"href":"https:\/\/www.musculus-physio.de\/index.php?rest_route=\/wp\/v2\/media\/1415"}],"wp:attachment":[{"href":"https:\/\/www.musculus-physio.de\/index.php?rest_route=%2Fwp%2Fv2%2Fmedia&parent=6"}],"curies":[{"name":"wp","href":"https:\/\/api.w.org\/{rel}","templated":true}]}}