{"id":8,"date":"2013-04-19T15:12:35","date_gmt":"2013-04-19T13:12:35","guid":{"rendered":"http:\/\/musculus-physio.de\/?page_id=8"},"modified":"2024-05-31T14:28:10","modified_gmt":"2024-05-31T12:28:10","slug":"unser-team","status":"publish","type":"page","link":"https:\/\/www.musculus-physio.de\/?page_id=8","title":{"rendered":"Team"},"content":{"rendered":"\n<div class=\"wp-block-group\"><div class=\"wp-block-group__inner-container is-layout-constrained wp-block-group-is-layout-constrained\">\n<h2 style=\"text-align: left;\">Qualit\u00e4t, die bewegt!<\/h2>\n<p><span style=\"font-family: Verdana,Tahoma,Arial,Helvetica,Sans-serif,sans-serif;\"><b>Unser erfahrenes Team steht Ihnen gerne bei allen Fragen und Problemen zur Verf\u00fcgung<\/b><\/span><\/p>\n<p>Das <strong>musculus<\/strong> Praxisteam<\/p>\n<p>Herr Noetzel, Frau Englisch, Frau Carl, Frau Rheinsberg, Frau Anders,<br \/>Frau Eschner, Frau R\u00fctten, Frau Gabel, Frau Klenke<\/p>\n<\/div><\/div>\n","protected":false},"excerpt":{"rendered":"<p>Qualit\u00e4t, die bewegt! Unser erfahrenes Team steht Ihnen gerne bei allen Fragen und Problemen zur Verf\u00fcgung Das musculus Praxisteam Herr Noetzel, Frau Englisch, Frau Carl, Frau Rheinsberg, Frau Anders,Frau Eschner, Frau R\u00fctten, Frau Gabel, Frau Klenke<\/p>\n","protected":false},"author":1,"featured_media":0,"parent":0,"menu_order":0,"comment_status":"closed","ping_status":"closed","template":"","meta":{"footnotes":""},"class_list":["post-8","page","type-page","status-publish","hentry"],"_links":{"self":[{"href":"https:\/\/www.musculus-physio.de\/index.php?rest_route=\/wp\/v2\/pages\/8","targetHints":{"allow":["GET"]}}],"collection":[{"href":"https:\/\/www.musculus-physio.de\/index.php?rest_route=\/wp\/v2\/pages"}],"about":[{"href":"https:\/\/www.musculus-physio.de\/index.php?rest_route=\/wp\/v2\/types\/page"}],"author":[{"embeddable":true,"href":"https:\/\/www.musculus-physio.de\/index.php?rest_route=\/wp\/v2\/users\/1"}],"replies":[{"embeddable":true,"href":"https:\/\/www.musculus-physio.de\/index.php?rest_route=%2Fwp%2Fv2%2Fcomments&post=8"}],"version-history":[{"count":2,"href":"https:\/\/www.musculus-physio.de\/index.php?rest_route=\/wp\/v2\/pages\/8\/revisions"}],"predecessor-version":[{"id":1244,"href":"https:\/\/www.musculus-physio.de\/index.php?rest_route=\/wp\/v2\/pages\/8\/revisions\/1244"}],"wp:attachment":[{"href":"https:\/\/www.musculus-physio.de\/index.php?rest_route=%2Fwp%2Fv2%2Fmedia&parent=8"}],"curies":[{"name":"wp","href":"https:\/\/api.w.org\/{rel}","templated":true}]}}