{"id":847,"date":"2021-07-01T22:55:11","date_gmt":"2021-07-01T20:55:11","guid":{"rendered":"https:\/\/www.musculus-physio.de\/?page_id=847"},"modified":"2025-10-29T19:04:04","modified_gmt":"2025-10-29T18:04:04","slug":"physiotherapeutin-in-teilzeit","status":"publish","type":"page","link":"https:\/\/www.musculus-physio.de\/?page_id=847","title":{"rendered":"Physiotherapeut*in auf Basis geringf\u00fcgiger Besch\u00e4ftigung"},"content":{"rendered":"\n<p class=\"has-text-color has-large-font-size\" style=\"color:#1500a3\"><strong>Bewegen Sie Hamburg!<\/strong><\/p>\n\n\n\n<figure class=\"wp-block-image size-large is-style-default\"><img loading=\"lazy\" decoding=\"async\" width=\"1024\" height=\"207\" src=\"https:\/\/www.musculus-physio.de\/wp-content\/uploads\/2021\/02\/Hamburg-1_mBlau-1024x207.jpg\" alt=\"\" class=\"wp-image-806\" srcset=\"https:\/\/www.musculus-physio.de\/wp-content\/uploads\/2021\/02\/Hamburg-1_mBlau-1024x207.jpg 1024w, https:\/\/www.musculus-physio.de\/wp-content\/uploads\/2021\/02\/Hamburg-1_mBlau-300x61.jpg 300w, https:\/\/www.musculus-physio.de\/wp-content\/uploads\/2021\/02\/Hamburg-1_mBlau-220x44.jpg 220w, https:\/\/www.musculus-physio.de\/wp-content\/uploads\/2021\/02\/Hamburg-1_mBlau-768x155.jpg 768w, https:\/\/www.musculus-physio.de\/wp-content\/uploads\/2021\/02\/Hamburg-1_mBlau-500x101.jpg 500w, https:\/\/www.musculus-physio.de\/wp-content\/uploads\/2021\/02\/Hamburg-1_mBlau.jpg 1125w\" sizes=\"auto, (max-width: 1024px) 100vw, 1024px\" \/><\/figure>\n\n\n\n<p class=\"has-text-color\" style=\"color:#1500a3\">Wir sind&nbsp;ein fr\u00f6hliches Team von 6 Physiotherapeut*innen und werden von weiteren 4 Rezeptionsmitarbeiterinnen unterst\u00fctzt. Unsere Patienten kommen haupts\u00e4chlich mit orthop\u00e4dischen Beschwerden in unsere Praxis, aber auch neurologische Probleme werden bei uns zielorientiert behandelt. Ebenso bieten wir Ger\u00e4te-KG an.<\/p>\n\n\n\n<p class=\"has-text-color\" style=\"color:#1500a3\">Nun ben\u00f6tigen wir in der Praxis f\u00fcr zwei Nachmittage in der Woche ein(e) Physiotherapeut*in auf Basis geringf\u00fcgiger Besch\u00e4ftigung,&nbsp;selbstst\u00e4ndig und zuverl\u00e4ssig arbeitend, mit positivem Auftreten und guten kommunikativen und emphatischen F\u00e4higkeiten.&nbsp;<\/p>\n\n\n\n<p class=\"has-text-color\" style=\"color:#1500a3\">Wir bieten&nbsp;einen sicheren, unbefristeten Arbeitsplatz in einer sehr gut ausgestatteten Praxis, die seit 1999 in Hamburg-Eidelstedt einen hervorragenden Ruf genie\u00dft.&nbsp;<\/p>\n\n\n\n<p class=\"has-text-color\" style=\"color:#1500a3\">Das heisst: wir suchen SIE<\/p>\n\n\n\n<p class=\"has-text-color\" style=\"color:#1500a3\">\u2013 bitte melden Sie sich mit Ihren Bewerbungsunterlagen per email \u2013 wir freuen uns auf SIE!<\/p>\n\n\n\n<p class=\"has-text-color\" style=\"color:#1500a3\"><a rel=\"noreferrer noopener\" href=\"mailto:kontakt@musculus-physiotherapiezentrum.de\" target=\"_blank\">kontakt@musculus-physiotherapiezentrum.de<\/a><\/p>\n\n\n\n<figure class=\"wp-block-image size-full is-resized\"><img loading=\"lazy\" decoding=\"async\" width=\"640\" height=\"215\" src=\"https:\/\/www.musculus-physio.de\/wp-content\/uploads\/2021\/02\/IMG_9153-1.jpg\" alt=\"\" class=\"wp-image-800\" srcset=\"https:\/\/www.musculus-physio.de\/wp-content\/uploads\/2021\/02\/IMG_9153-1.jpg 640w, https:\/\/www.musculus-physio.de\/wp-content\/uploads\/2021\/02\/IMG_9153-1-300x101.jpg 300w, https:\/\/www.musculus-physio.de\/wp-content\/uploads\/2021\/02\/IMG_9153-1-220x74.jpg 220w, https:\/\/www.musculus-physio.de\/wp-content\/uploads\/2021\/02\/IMG_9153-1-500x168.jpg 500w\" sizes=\"auto, (max-width: 640px) 100vw, 640px\" \/><\/figure>\n\n\n\n<div class=\"wp-block-buttons has-white-background-color has-background is-content-justification-center is-layout-flex wp-container-core-buttons-is-layout-16018d1d wp-block-buttons-is-layout-flex\">\n<div class=\"wp-block-button is-style-fill\"><a class=\"wp-block-button__link has-white-color has-text-color has-background has-link-color has-text-align-center wp-element-button\" href=\"https:\/\/www.direkt-onlinebewerben.de\/musculus-physiotherapie\/\" style=\"background-color:#f90101\"><strong>Jetzt bewerben!<\/strong><\/a><\/div>\n<\/div>\n","protected":false},"excerpt":{"rendered":"<p>Bewegen Sie Hamburg! Wir sind&nbsp;ein fr\u00f6hliches Team von 6 Physiotherapeut*innen und werden von weiteren 4 Rezeptionsmitarbeiterinnen unterst\u00fctzt. Unsere Patienten kommen haupts\u00e4chlich mit orthop\u00e4dischen Beschwerden in unsere Praxis, aber auch neurologische Probleme werden bei uns zielorientiert behandelt. Ebenso bieten wir Ger\u00e4te-KG <a class=\"more-link\" href=\"https:\/\/www.musculus-physio.de\/?page_id=847\">Weiterlesen\u00a0\u2026<\/a><\/p>\n","protected":false},"author":2,"featured_media":0,"parent":429,"menu_order":1,"comment_status":"closed","ping_status":"closed","template":"","meta":{"footnotes":""},"class_list":["post-847","page","type-page","status-publish","hentry"],"_links":{"self":[{"href":"https:\/\/www.musculus-physio.de\/index.php?rest_route=\/wp\/v2\/pages\/847","targetHints":{"allow":["GET"]}}],"collection":[{"href":"https:\/\/www.musculus-physio.de\/index.php?rest_route=\/wp\/v2\/pages"}],"about":[{"href":"https:\/\/www.musculus-physio.de\/index.php?rest_route=\/wp\/v2\/types\/page"}],"author":[{"embeddable":true,"href":"https:\/\/www.musculus-physio.de\/index.php?rest_route=\/wp\/v2\/users\/2"}],"replies":[{"embeddable":true,"href":"https:\/\/www.musculus-physio.de\/index.php?rest_route=%2Fwp%2Fv2%2Fcomments&post=847"}],"version-history":[{"count":3,"href":"https:\/\/www.musculus-physio.de\/index.php?rest_route=\/wp\/v2\/pages\/847\/revisions"}],"predecessor-version":[{"id":1318,"href":"https:\/\/www.musculus-physio.de\/index.php?rest_route=\/wp\/v2\/pages\/847\/revisions\/1318"}],"up":[{"embeddable":true,"href":"https:\/\/www.musculus-physio.de\/index.php?rest_route=\/wp\/v2\/pages\/429"}],"wp:attachment":[{"href":"https:\/\/www.musculus-physio.de\/index.php?rest_route=%2Fwp%2Fv2%2Fmedia&parent=847"}],"curies":[{"name":"wp","href":"https:\/\/api.w.org\/{rel}","templated":true}]}}